{"id":468,"date":"2023-10-19T12:15:02","date_gmt":"2023-10-19T12:15:02","guid":{"rendered":"https:\/\/artelima.com.br\/opportunity\/?page_id=468"},"modified":"2025-12-15T13:43:21","modified_gmt":"2025-12-15T13:43:21","slug":"blog","status":"publish","type":"page","link":"https:\/\/staging.artelima.com.br\/centuryrh\/blog\/","title":{"rendered":"Blog"},"content":{"rendered":"\t\t<div data-elementor-type=\"wp-page\" data-elementor-id=\"468\" class=\"elementor elementor-468\" data-elementor-post-type=\"page\">\n\t\t\t\t\t\t<section class=\"elementor-section elementor-top-section elementor-element elementor-element-6eecc62 elementor-section-height-min-height elementor-section-boxed elementor-section-height-default elementor-section-items-middle\" data-id=\"6eecc62\" data-element_type=\"section\" data-settings=\"{&quot;background_background&quot;:&quot;classic&quot;}\">\n\t\t\t\t\t\t\t<div class=\"elementor-background-overlay\"><\/div>\n\t\t\t\t\t\t\t<div class=\"elementor-container elementor-column-gap-default\">\n\t\t\t\t\t<div class=\"elementor-column elementor-col-100 elementor-top-column elementor-element elementor-element-890c113\" data-id=\"890c113\" data-element_type=\"column\">\n\t\t\t<div class=\"elementor-widget-wrap elementor-element-populated\">\n\t\t\t\t\t\t<div class=\"elementor-element elementor-element-ca56c45 elementor-widget elementor-widget-heading\" data-id=\"ca56c45\" data-element_type=\"widget\" data-widget_type=\"heading.default\">\n\t\t\t\t<div class=\"elementor-widget-container\">\n\t\t\t\t\t<h2 class=\"elementor-heading-title elementor-size-default\">Blog<\/h2>\t\t\t\t<\/div>\n\t\t\t\t<\/div>\n\t\t\t\t\t<\/div>\n\t\t<\/div>\n\t\t\t\t\t<\/div>\n\t\t<\/section>\n\t\t\t\t<section class=\"elementor-section elementor-top-section elementor-element elementor-element-26fe364 elementor-section-boxed elementor-section-height-default elementor-section-height-default\" data-id=\"26fe364\" data-element_type=\"section\">\n\t\t\t\t\t\t<div class=\"elementor-container elementor-column-gap-default\">\n\t\t\t\t\t<div class=\"elementor-column elementor-col-100 elementor-top-column elementor-element elementor-element-b872632\" data-id=\"b872632\" data-element_type=\"column\">\n\t\t\t<div class=\"elementor-widget-wrap elementor-element-populated\">\n\t\t\t\t\t\t<section class=\"elementor-section elementor-inner-section elementor-element elementor-element-00f0502 elementor-section-boxed elementor-section-height-default elementor-section-height-default\" data-id=\"00f0502\" data-element_type=\"section\">\n\t\t\t\t\t\t<div class=\"elementor-container elementor-column-gap-default\">\n\t\t\t\t\t<div class=\"elementor-column elementor-col-50 elementor-inner-column elementor-element elementor-element-8de841f\" data-id=\"8de841f\" data-element_type=\"column\">\n\t\t\t<div class=\"elementor-widget-wrap elementor-element-populated\">\n\t\t\t\t\t\t<div class=\"elementor-element elementor-element-852cda3 elementor-widget elementor-widget-heading\" data-id=\"852cda3\" data-element_type=\"widget\" data-widget_type=\"heading.default\">\n\t\t\t\t<div class=\"elementor-widget-container\">\n\t\t\t\t\t<p class=\"elementor-heading-title elementor-size-default\">BLOG<\/p>\t\t\t\t<\/div>\n\t\t\t\t<\/div>\n\t\t\t\t<div class=\"elementor-element elementor-element-1aae724 elementor-widget elementor-widget-heading\" data-id=\"1aae724\" data-element_type=\"widget\" data-widget_type=\"heading.default\">\n\t\t\t\t<div class=\"elementor-widget-container\">\n\t\t\t\t\t<h2 class=\"elementor-heading-title elementor-size-default\">Fique informado com a Century<\/h2>\t\t\t\t<\/div>\n\t\t\t\t<\/div>\n\t\t\t\t\t<\/div>\n\t\t<\/div>\n\t\t\t\t<div class=\"elementor-column elementor-col-50 elementor-inner-column elementor-element elementor-element-f294672\" data-id=\"f294672\" data-element_type=\"column\">\n\t\t\t<div class=\"elementor-widget-wrap elementor-element-populated\">\n\t\t\t\t\t\t<div class=\"elementor-element elementor-element-d16b096 elementor-search-form--skin-classic elementor-search-form--button-type-icon elementor-search-form--icon-search elementor-widget elementor-widget-search-form\" data-id=\"d16b096\" data-element_type=\"widget\" data-settings=\"{&quot;skin&quot;:&quot;classic&quot;}\" data-widget_type=\"search-form.default\">\n\t\t\t\t<div class=\"elementor-widget-container\">\n\t\t\t\t\t\t\t<search role=\"search\">\n\t\t\t<form class=\"elementor-search-form\" action=\"https:\/\/staging.artelima.com.br\/centuryrh\" method=\"get\">\n\t\t\t\t\t\t\t\t\t\t\t\t<div class=\"elementor-search-form__container\">\n\t\t\t\t\t<label class=\"elementor-screen-only\" for=\"elementor-search-form-d16b096\">Pesquisar<\/label>\n\n\t\t\t\t\t\n\t\t\t\t\t<input id=\"elementor-search-form-d16b096\" placeholder=\"Buscar...\" class=\"elementor-search-form__input\" type=\"search\" name=\"s\" value=\"\">\n\t\t\t\t\t\n\t\t\t\t\t\t\t\t\t\t\t<button class=\"elementor-search-form__submit\" type=\"submit\" aria-label=\"Pesquisar\">\n\t\t\t\t\t\t\t\t\t\t\t\t\t\t\t<i aria-hidden=\"true\" class=\"fas fa-search\"><\/i>\t\t\t\t\t\t\t\t\t\t\t\t\t<\/button>\n\t\t\t\t\t\n\t\t\t\t\t\t\t\t\t<\/div>\n\t\t\t<\/form>\n\t\t<\/search>\n\t\t\t\t\t\t<\/div>\n\t\t\t\t<\/div>\n\t\t\t\t\t<\/div>\n\t\t<\/div>\n\t\t\t\t\t<\/div>\n\t\t<\/section>\n\t\t\t\t<div class=\"elementor-element elementor-element-780d13c elementor-widget elementor-widget-heading\" data-id=\"780d13c\" data-element_type=\"widget\" data-widget_type=\"heading.default\">\n\t\t\t\t<div class=\"elementor-widget-container\">\n\t\t\t\t\t<p class=\"elementor-heading-title elementor-size-default\">Aqui compartilhamos conte\u00fados sobre gest\u00e3o de pessoas, lideran\u00e7a, cultura organizacional e desenvolvimento humano. Exploramos tend\u00eancias do RH, an\u00e1lises pr\u00e1ticas e insights estrat\u00e9gicos para apoiar empresas na constru\u00e7\u00e3o de equipes mais engajadas e eficientes. Se voc\u00ea \u00e9 gestor, profissional de RH ou busca evoluir na \u00e1rea, este espa\u00e7o \u00e9 para voc\u00ea. Acompanhe nossos artigos e cres\u00e7a conosco.<\/p>\t\t\t\t<\/div>\n\t\t\t\t<\/div>\n\t\t\t\t\t<\/div>\n\t\t<\/div>\n\t\t\t\t\t<\/div>\n\t\t<\/section>\n\t\t\t\t<section class=\"elementor-section elementor-top-section elementor-element elementor-element-66abd99 elementor-section-boxed elementor-section-height-default elementor-section-height-default\" data-id=\"66abd99\" data-element_type=\"section\">\n\t\t\t\t\t\t<div class=\"elementor-container elementor-column-gap-default\">\n\t\t\t\t\t<div class=\"elementor-column elementor-col-100 elementor-top-column elementor-element elementor-element-f5c1643\" data-id=\"f5c1643\" data-element_type=\"column\">\n\t\t\t<div class=\"elementor-widget-wrap elementor-element-populated\">\n\t\t\t\t\t\t<div class=\"elementor-element elementor-element-09f6717 elementor-grid-3 elementor-grid-tablet-2 elementor-grid-mobile-1 elementor-posts--thumbnail-top elementor-widget elementor-widget-posts\" data-id=\"09f6717\" data-element_type=\"widget\" data-settings=\"{&quot;pagination_type&quot;:&quot;numbers&quot;,&quot;classic_columns&quot;:&quot;3&quot;,&quot;classic_columns_tablet&quot;:&quot;2&quot;,&quot;classic_columns_mobile&quot;:&quot;1&quot;,&quot;classic_row_gap&quot;:{&quot;unit&quot;:&quot;px&quot;,&quot;size&quot;:35,&quot;sizes&quot;:[]},&quot;classic_row_gap_tablet&quot;:{&quot;unit&quot;:&quot;px&quot;,&quot;size&quot;:&quot;&quot;,&quot;sizes&quot;:[]},&quot;classic_row_gap_mobile&quot;:{&quot;unit&quot;:&quot;px&quot;,&quot;size&quot;:&quot;&quot;,&quot;sizes&quot;:[]}}\" data-widget_type=\"posts.classic\">\n\t\t\t\t<div class=\"elementor-widget-container\">\n\t\t\t\t\t\t\t<div class=\"elementor-posts-container elementor-posts elementor-posts--skin-classic elementor-grid\" role=\"list\">\n\t\t\t\t<article class=\"elementor-post elementor-grid-item post-828 post type-post status-publish format-standard has-post-thumbnail hentry category-uncategorized\" role=\"listitem\">\n\t\t\t\t<a class=\"elementor-post__thumbnail__link\" href=\"https:\/\/staging.artelima.com.br\/centuryrh\/2025\/12\/15\/avaliacao-por-competencias-ganha-forca-nas-empresas\/\" tabindex=\"-1\" >\n\t\t\t<div class=\"elementor-post__thumbnail\"><img fetchpriority=\"high\" decoding=\"async\" width=\"300\" height=\"200\" src=\"https:\/\/staging.artelima.com.br\/centuryrh\/wp-content\/uploads\/2025\/12\/NOVO-300x200.png\" class=\"attachment-medium size-medium wp-image-844\" alt=\"\" srcset=\"https:\/\/staging.artelima.com.br\/centuryrh\/wp-content\/uploads\/2025\/12\/NOVO-300x200.png 300w, https:\/\/staging.artelima.com.br\/centuryrh\/wp-content\/uploads\/2025\/12\/NOVO-1024x683.png 1024w, https:\/\/staging.artelima.com.br\/centuryrh\/wp-content\/uploads\/2025\/12\/NOVO-768x512.png 768w, https:\/\/staging.artelima.com.br\/centuryrh\/wp-content\/uploads\/2025\/12\/NOVO.png 1425w\" sizes=\"(max-width: 300px) 100vw, 300px\" \/><\/div>\n\t\t<\/a>\n\t\t\t\t<div class=\"elementor-post__text\">\n\t\t\t\t<h3 class=\"elementor-post__title\">\n\t\t\t<a href=\"https:\/\/staging.artelima.com.br\/centuryrh\/2025\/12\/15\/avaliacao-por-competencias-ganha-forca-nas-empresas\/\" >\n\t\t\t\tAvalia\u00e7\u00e3o por compet\u00eancias ganha for\u00e7a nas empresas\t\t\t<\/a>\n\t\t<\/h3>\n\t\t\t\t<div class=\"elementor-post__meta-data\">\n\t\t\t\t\t<span class=\"elementor-post-date\">\n\t\t\tdezembro 15, 2025\t\t<\/span>\n\t\t\t\t<\/div>\n\t\t\t\t<div class=\"elementor-post__excerpt\">\n\t\t\t<p>Cada vez mais organiza\u00e7\u00f5es est\u00e3o substituindo modelos tradicionais de avalia\u00e7\u00e3o por sistemas baseados em compet\u00eancias. Essa abordagem analisa habilidades t\u00e9cnicas, comportamentais e resultados, permitindo decis\u00f5es<\/p>\n\t\t<\/div>\n\t\t\t\t\t<div class=\"elementor-post__read-more-wrapper\">\n\t\t\n\t\t<a class=\"elementor-post__read-more\" href=\"https:\/\/staging.artelima.com.br\/centuryrh\/2025\/12\/15\/avaliacao-por-competencias-ganha-forca-nas-empresas\/\" aria-label=\"Leia mais sobre Avalia\u00e7\u00e3o por compet\u00eancias ganha for\u00e7a nas empresas\" tabindex=\"-1\" >\n\t\t\tLeia Mais \u00bb\t\t<\/a>\n\n\t\t\t\t\t<\/div>\n\t\t\t\t<\/div>\n\t\t\t\t<\/article>\n\t\t\t\t<article class=\"elementor-post elementor-grid-item post-829 post type-post status-publish format-standard has-post-thumbnail hentry category-uncategorized\" role=\"listitem\">\n\t\t\t\t<a class=\"elementor-post__thumbnail__link\" href=\"https:\/\/staging.artelima.com.br\/centuryrh\/2025\/12\/15\/lideranca-humanizada-se-torna-prioridade-no-rh\/\" tabindex=\"-1\" >\n\t\t\t<div class=\"elementor-post__thumbnail\"><img decoding=\"async\" width=\"300\" height=\"200\" src=\"https:\/\/staging.artelima.com.br\/centuryrh\/wp-content\/uploads\/2025\/12\/mulher-mostrando-um-documento-para-seus-colegas-de-trabalho-300x200.png\" class=\"attachment-medium size-medium wp-image-841\" alt=\"\" srcset=\"https:\/\/staging.artelima.com.br\/centuryrh\/wp-content\/uploads\/2025\/12\/mulher-mostrando-um-documento-para-seus-colegas-de-trabalho-300x200.png 300w, https:\/\/staging.artelima.com.br\/centuryrh\/wp-content\/uploads\/2025\/12\/mulher-mostrando-um-documento-para-seus-colegas-de-trabalho-1024x682.png 1024w, https:\/\/staging.artelima.com.br\/centuryrh\/wp-content\/uploads\/2025\/12\/mulher-mostrando-um-documento-para-seus-colegas-de-trabalho-768x512.png 768w, https:\/\/staging.artelima.com.br\/centuryrh\/wp-content\/uploads\/2025\/12\/mulher-mostrando-um-documento-para-seus-colegas-de-trabalho.png 1426w\" sizes=\"(max-width: 300px) 100vw, 300px\" \/><\/div>\n\t\t<\/a>\n\t\t\t\t<div class=\"elementor-post__text\">\n\t\t\t\t<h3 class=\"elementor-post__title\">\n\t\t\t<a href=\"https:\/\/staging.artelima.com.br\/centuryrh\/2025\/12\/15\/lideranca-humanizada-se-torna-prioridade-no-rh\/\" >\n\t\t\t\tLideran\u00e7a humanizada se torna prioridade no RH\t\t\t<\/a>\n\t\t<\/h3>\n\t\t\t\t<div class=\"elementor-post__meta-data\">\n\t\t\t\t\t<span class=\"elementor-post-date\">\n\t\t\tdezembro 15, 2025\t\t<\/span>\n\t\t\t\t<\/div>\n\t\t\t\t<div class=\"elementor-post__excerpt\">\n\t\t\t<p>O papel do l\u00edder vem sendo ressignificado dentro das organiza\u00e7\u00f5es. A lideran\u00e7a humanizada ganha espa\u00e7o ao priorizar empatia, comunica\u00e7\u00e3o clara e gest\u00e3o de pessoas baseada<\/p>\n\t\t<\/div>\n\t\t\t\t\t<div class=\"elementor-post__read-more-wrapper\">\n\t\t\n\t\t<a class=\"elementor-post__read-more\" href=\"https:\/\/staging.artelima.com.br\/centuryrh\/2025\/12\/15\/lideranca-humanizada-se-torna-prioridade-no-rh\/\" aria-label=\"Leia mais sobre Lideran\u00e7a humanizada se torna prioridade no RH\" tabindex=\"-1\" >\n\t\t\tLeia Mais \u00bb\t\t<\/a>\n\n\t\t\t\t\t<\/div>\n\t\t\t\t<\/div>\n\t\t\t\t<\/article>\n\t\t\t\t<article class=\"elementor-post elementor-grid-item post-827 post type-post status-publish format-standard has-post-thumbnail hentry category-uncategorized\" role=\"listitem\">\n\t\t\t\t<a class=\"elementor-post__thumbnail__link\" href=\"https:\/\/staging.artelima.com.br\/centuryrh\/2025\/12\/15\/empresas-investem-mais-em-saude-mental-no-trabalho\/\" tabindex=\"-1\" >\n\t\t\t<div class=\"elementor-post__thumbnail\"><img decoding=\"async\" width=\"300\" height=\"200\" src=\"https:\/\/staging.artelima.com.br\/centuryrh\/wp-content\/uploads\/2025\/12\/bann-300x200.png\" class=\"attachment-medium size-medium wp-image-807\" alt=\"\" srcset=\"https:\/\/staging.artelima.com.br\/centuryrh\/wp-content\/uploads\/2025\/12\/bann-300x200.png 300w, https:\/\/staging.artelima.com.br\/centuryrh\/wp-content\/uploads\/2025\/12\/bann-1024x683.png 1024w, https:\/\/staging.artelima.com.br\/centuryrh\/wp-content\/uploads\/2025\/12\/bann-768x512.png 768w, https:\/\/staging.artelima.com.br\/centuryrh\/wp-content\/uploads\/2025\/12\/bann-1536x1025.png 1536w, https:\/\/staging.artelima.com.br\/centuryrh\/wp-content\/uploads\/2025\/12\/bann.png 1950w\" sizes=\"(max-width: 300px) 100vw, 300px\" \/><\/div>\n\t\t<\/a>\n\t\t\t\t<div class=\"elementor-post__text\">\n\t\t\t\t<h3 class=\"elementor-post__title\">\n\t\t\t<a href=\"https:\/\/staging.artelima.com.br\/centuryrh\/2025\/12\/15\/empresas-investem-mais-em-saude-mental-no-trabalho\/\" >\n\t\t\t\tEmpresas investem mais em sa\u00fade mental no trabalho\t\t\t<\/a>\n\t\t<\/h3>\n\t\t\t\t<div class=\"elementor-post__meta-data\">\n\t\t\t\t\t<span class=\"elementor-post-date\">\n\t\t\tdezembro 15, 2025\t\t<\/span>\n\t\t\t\t<\/div>\n\t\t\t\t<div class=\"elementor-post__excerpt\">\n\t\t\t<p>A sa\u00fade mental passou a ser prioridade nas estrat\u00e9gias de gest\u00e3o de pessoas. Empresas est\u00e3o ampliando programas de bem-estar, oferecendo apoio psicol\u00f3gico, a\u00e7\u00f5es preventivas contra<\/p>\n\t\t<\/div>\n\t\t\t\t\t<div class=\"elementor-post__read-more-wrapper\">\n\t\t\n\t\t<a class=\"elementor-post__read-more\" href=\"https:\/\/staging.artelima.com.br\/centuryrh\/2025\/12\/15\/empresas-investem-mais-em-saude-mental-no-trabalho\/\" aria-label=\"Leia mais sobre Empresas investem mais em sa\u00fade mental no trabalho\" tabindex=\"-1\" >\n\t\t\tLeia Mais \u00bb\t\t<\/a>\n\n\t\t\t\t\t<\/div>\n\t\t\t\t<\/div>\n\t\t\t\t<\/article>\n\t\t\t\t<\/div>\n\t\t\n\t\t\t\t\t\t<\/div>\n\t\t\t\t<\/div>\n\t\t\t\t\t<\/div>\n\t\t<\/div>\n\t\t\t\t\t<\/div>\n\t\t<\/section>\n\t\t\t\t<\/div>\n\t\t","protected":false},"excerpt":{"rendered":"<p>Blog BLOG Fique informado com a Century Aqui compartilhamos conte\u00fados sobre gest\u00e3o de pessoas, lideran\u00e7a, cultura organizacional e desenvolvimento humano. Exploramos tend\u00eancias do RH, an\u00e1lises pr\u00e1ticas e insights estrat\u00e9gicos para apoiar empresas na constru\u00e7\u00e3o de equipes mais engajadas e eficientes. Se voc\u00ea \u00e9 gestor, profissional de RH ou busca evoluir na \u00e1rea, este espa\u00e7o \u00e9 [&hellip;]<\/p>\n","protected":false},"author":1,"featured_media":0,"parent":0,"menu_order":0,"comment_status":"closed","ping_status":"closed","template":"elementor_header_footer","meta":{"footnotes":""},"class_list":["post-468","page","type-page","status-publish","hentry"],"_links":{"self":[{"href":"https:\/\/staging.artelima.com.br\/centuryrh\/wp-json\/wp\/v2\/pages\/468","targetHints":{"allow":["GET"]}}],"collection":[{"href":"https:\/\/staging.artelima.com.br\/centuryrh\/wp-json\/wp\/v2\/pages"}],"about":[{"href":"https:\/\/staging.artelima.com.br\/centuryrh\/wp-json\/wp\/v2\/types\/page"}],"author":[{"embeddable":true,"href":"https:\/\/staging.artelima.com.br\/centuryrh\/wp-json\/wp\/v2\/users\/1"}],"replies":[{"embeddable":true,"href":"https:\/\/staging.artelima.com.br\/centuryrh\/wp-json\/wp\/v2\/comments?post=468"}],"version-history":[{"count":25,"href":"https:\/\/staging.artelima.com.br\/centuryrh\/wp-json\/wp\/v2\/pages\/468\/revisions"}],"predecessor-version":[{"id":901,"href":"https:\/\/staging.artelima.com.br\/centuryrh\/wp-json\/wp\/v2\/pages\/468\/revisions\/901"}],"wp:attachment":[{"href":"https:\/\/staging.artelima.com.br\/centuryrh\/wp-json\/wp\/v2\/media?parent=468"}],"curies":[{"name":"wp","href":"https:\/\/api.w.org\/{rel}","templated":true}]}}