{"id":977,"date":"2025-12-15T14:29:31","date_gmt":"2025-12-15T14:29:31","guid":{"rendered":"https:\/\/staging.artelima.com.br\/centuryrh\/?page_id=977"},"modified":"2025-12-15T14:48:42","modified_gmt":"2025-12-15T14:48:42","slug":"avaliacao-de-desempenho","status":"publish","type":"page","link":"https:\/\/staging.artelima.com.br\/centuryrh\/avaliacao-de-desempenho\/","title":{"rendered":"Avalia\u00e7\u00e3o de Desempenho"},"content":{"rendered":"\t\t<div data-elementor-type=\"wp-page\" data-elementor-id=\"977\" class=\"elementor elementor-977\" data-elementor-post-type=\"page\">\n\t\t\t\t\t\t<section class=\"elementor-section elementor-top-section elementor-element elementor-element-d78a7a9 elementor-section-height-min-height elementor-section-boxed elementor-section-height-default elementor-section-items-middle\" data-id=\"d78a7a9\" data-element_type=\"section\" data-settings=\"{&quot;background_background&quot;:&quot;classic&quot;}\">\n\t\t\t\t\t\t\t<div class=\"elementor-background-overlay\"><\/div>\n\t\t\t\t\t\t\t<div class=\"elementor-container elementor-column-gap-default\">\n\t\t\t\t\t<div class=\"elementor-column elementor-col-100 elementor-top-column elementor-element elementor-element-f1d09ec\" data-id=\"f1d09ec\" data-element_type=\"column\">\n\t\t\t<div class=\"elementor-widget-wrap elementor-element-populated\">\n\t\t\t\t\t\t<div class=\"elementor-element elementor-element-84282b4 elementor-widget elementor-widget-heading\" data-id=\"84282b4\" data-element_type=\"widget\" data-widget_type=\"heading.default\">\n\t\t\t\t<div class=\"elementor-widget-container\">\n\t\t\t\t\t<h2 class=\"elementor-heading-title elementor-size-default\">Solu\u00e7\u00f5es<\/h2>\t\t\t\t<\/div>\n\t\t\t\t<\/div>\n\t\t\t\t\t<\/div>\n\t\t<\/div>\n\t\t\t\t\t<\/div>\n\t\t<\/section>\n\t\t\t\t<section class=\"elementor-section elementor-top-section elementor-element elementor-element-ed0ac38 elementor-section-boxed elementor-section-height-default elementor-section-height-default\" data-id=\"ed0ac38\" data-element_type=\"section\">\n\t\t\t\t\t\t<div class=\"elementor-container elementor-column-gap-default\">\n\t\t\t\t\t<div class=\"elementor-column elementor-col-33 elementor-top-column elementor-element elementor-element-f36bcb5\" data-id=\"f36bcb5\" data-element_type=\"column\">\n\t\t\t<div class=\"elementor-widget-wrap elementor-element-populated\">\n\t\t\t\t\t\t<div class=\"elementor-element elementor-element-fa4969c elementor-widget elementor-widget-heading\" data-id=\"fa4969c\" data-element_type=\"widget\" data-widget_type=\"heading.default\">\n\t\t\t\t<div class=\"elementor-widget-container\">\n\t\t\t\t\t<h2 class=\"elementor-heading-title elementor-size-default\">Solu\u00e7\u00e3o<\/h2>\t\t\t\t<\/div>\n\t\t\t\t<\/div>\n\t\t\t\t<div class=\"elementor-element elementor-element-be71456 elementor-widget elementor-widget-heading\" data-id=\"be71456\" data-element_type=\"widget\" data-widget_type=\"heading.default\">\n\t\t\t\t<div class=\"elementor-widget-container\">\n\t\t\t\t\t<h2 class=\"elementor-heading-title elementor-size-default\">Avalia\u00e7\u00e3o de Desempenho<\/h2>\t\t\t\t<\/div>\n\t\t\t\t<\/div>\n\t\t\t\t<div class=\"elementor-element elementor-element-c9591e7 elementor-widget elementor-widget-heading\" data-id=\"c9591e7\" data-element_type=\"widget\" data-widget_type=\"heading.default\">\n\t\t\t\t<div class=\"elementor-widget-container\">\n\t\t\t\t\t<p class=\"elementor-heading-title elementor-size-default\">Desenvolvemos e aplicamos modelos de avalia\u00e7\u00e3o que mensuram resultados, compet\u00eancias e comportamentos de forma clara e objetiva. Essa an\u00e1lise permite apoiar decis\u00f5es estrat\u00e9gicas, identificar oportunidades de desenvolvimento e fortalecer a gest\u00e3o de pessoas com foco em performance e crescimento cont\u00ednuo.<\/p>\t\t\t\t<\/div>\n\t\t\t\t<\/div>\n\t\t\t\t<div class=\"elementor-element elementor-element-62af3d1 elementor-mobile-align-center elementor-align-left elementor-widget elementor-widget-button\" data-id=\"62af3d1\" data-element_type=\"widget\" data-widget_type=\"button.default\">\n\t\t\t\t<div class=\"elementor-widget-container\">\n\t\t\t\t\t\t\t\t\t<div class=\"elementor-button-wrapper\">\n\t\t\t\t\t<a class=\"elementor-button elementor-button-link elementor-size-sm\" href=\"https:\/\/staging.artelima.com.br\/centuryrh\/quem-somos\/\">\n\t\t\t\t\t\t<span class=\"elementor-button-content-wrapper\">\n\t\t\t\t\t\t<span class=\"elementor-button-icon\">\n\t\t\t\t<i aria-hidden=\"true\" class=\"fas fa-arrow-right\"><\/i>\t\t\t<\/span>\n\t\t\t\t\t\t\t\t\t<span class=\"elementor-button-text\">Entrar em contato<\/span>\n\t\t\t\t\t<\/span>\n\t\t\t\t\t<\/a>\n\t\t\t\t<\/div>\n\t\t\t\t\t\t\t\t<\/div>\n\t\t\t\t<\/div>\n\t\t\t\t\t<\/div>\n\t\t<\/div>\n\t\t\t\t<div class=\"elementor-column elementor-col-33 elementor-top-column elementor-element elementor-element-2d4dfa3\" data-id=\"2d4dfa3\" data-element_type=\"column\">\n\t\t\t<div class=\"elementor-widget-wrap\">\n\t\t\t\t\t\t\t<\/div>\n\t\t<\/div>\n\t\t\t\t<div class=\"elementor-column elementor-col-33 elementor-top-column elementor-element elementor-element-954879b\" data-id=\"954879b\" data-element_type=\"column\">\n\t\t\t<div class=\"elementor-widget-wrap elementor-element-populated\">\n\t\t\t\t\t\t<div class=\"elementor-element elementor-element-c471b2f elementor-widget elementor-widget-image\" data-id=\"c471b2f\" data-element_type=\"widget\" data-widget_type=\"image.default\">\n\t\t\t\t<div class=\"elementor-widget-container\">\n\t\t\t\t\t\t\t\t\t\t\t\t\t\t\t<img fetchpriority=\"high\" decoding=\"async\" width=\"800\" height=\"534\" src=\"https:\/\/staging.artelima.com.br\/centuryrh\/wp-content\/uploads\/2025\/12\/176580J9772b4qLl1vWG-1-1024x683.png\" class=\"attachment-large size-large wp-image-1079\" alt=\"\" srcset=\"https:\/\/staging.artelima.com.br\/centuryrh\/wp-content\/uploads\/2025\/12\/176580J9772b4qLl1vWG-1-1024x683.png 1024w, https:\/\/staging.artelima.com.br\/centuryrh\/wp-content\/uploads\/2025\/12\/176580J9772b4qLl1vWG-1-300x200.png 300w, https:\/\/staging.artelima.com.br\/centuryrh\/wp-content\/uploads\/2025\/12\/176580J9772b4qLl1vWG-1-768x512.png 768w, https:\/\/staging.artelima.com.br\/centuryrh\/wp-content\/uploads\/2025\/12\/176580J9772b4qLl1vWG-1.png 1425w\" sizes=\"(max-width: 800px) 100vw, 800px\" \/>\t\t\t\t\t\t\t\t\t\t\t\t\t\t\t<\/div>\n\t\t\t\t<\/div>\n\t\t\t\t<div class=\"elementor-element elementor-element-9fb8599 elementor-widget-mobile__width-auto elementor-absolute elementor-invisible elementor-widget elementor-widget-image\" data-id=\"9fb8599\" data-element_type=\"widget\" data-settings=\"{&quot;_position&quot;:&quot;absolute&quot;,&quot;_animation&quot;:&quot;fadeInUp&quot;}\" data-widget_type=\"image.default\">\n\t\t\t\t<div class=\"elementor-widget-container\">\n\t\t\t\t\t\t\t\t\t\t\t\t\t\t\t<img decoding=\"async\" width=\"179\" height=\"549\" src=\"https:\/\/staging.artelima.com.br\/centuryrh\/wp-content\/uploads\/2025\/12\/ELEMENTO.png\" class=\"attachment-large size-large wp-image-755\" alt=\"\" srcset=\"https:\/\/staging.artelima.com.br\/centuryrh\/wp-content\/uploads\/2025\/12\/ELEMENTO.png 179w, https:\/\/staging.artelima.com.br\/centuryrh\/wp-content\/uploads\/2025\/12\/ELEMENTO-98x300.png 98w\" sizes=\"(max-width: 179px) 100vw, 179px\" \/>\t\t\t\t\t\t\t\t\t\t\t\t\t\t\t<\/div>\n\t\t\t\t<\/div>\n\t\t\t\t\t<\/div>\n\t\t<\/div>\n\t\t\t\t\t<\/div>\n\t\t<\/section>\n\t\t\t\t<section class=\"elementor-section elementor-top-section elementor-element elementor-element-c7d1b5e elementor-section-boxed elementor-section-height-default elementor-section-height-default\" data-id=\"c7d1b5e\" data-element_type=\"section\">\n\t\t\t\t\t\t<div class=\"elementor-container elementor-column-gap-default\">\n\t\t\t\t\t<div class=\"elementor-column elementor-col-100 elementor-top-column elementor-element elementor-element-fcee1a2\" data-id=\"fcee1a2\" data-element_type=\"column\">\n\t\t\t<div class=\"elementor-widget-wrap elementor-element-populated\">\n\t\t\t\t\t\t<div class=\"elementor-element elementor-element-61f6e5c elementor-widget-divider--view-line elementor-widget elementor-widget-divider\" data-id=\"61f6e5c\" data-element_type=\"widget\" data-widget_type=\"divider.default\">\n\t\t\t\t<div class=\"elementor-widget-container\">\n\t\t\t\t\t\t\t<div class=\"elementor-divider\">\n\t\t\t<span class=\"elementor-divider-separator\">\n\t\t\t\t\t\t<\/span>\n\t\t<\/div>\n\t\t\t\t\t\t<\/div>\n\t\t\t\t<\/div>\n\t\t\t\t\t<\/div>\n\t\t<\/div>\n\t\t\t\t\t<\/div>\n\t\t<\/section>\n\t\t\t\t<section class=\"elementor-section elementor-top-section elementor-element elementor-element-c3b48ce elementor-section-boxed elementor-section-height-default elementor-section-height-default\" data-id=\"c3b48ce\" data-element_type=\"section\">\n\t\t\t\t\t\t<div class=\"elementor-container elementor-column-gap-default\">\n\t\t\t\t\t<div class=\"elementor-column elementor-col-100 elementor-top-column elementor-element elementor-element-2c747ce\" data-id=\"2c747ce\" data-element_type=\"column\">\n\t\t\t<div class=\"elementor-widget-wrap elementor-element-populated\">\n\t\t\t\t\t\t<div class=\"elementor-element elementor-element-e468ea1 elementor-widget elementor-widget-heading\" data-id=\"e468ea1\" data-element_type=\"widget\" data-widget_type=\"heading.default\">\n\t\t\t\t<div class=\"elementor-widget-container\">\n\t\t\t\t\t<p class=\"elementor-heading-title elementor-size-default\">Not\u00edcias e informa\u00e7\u00f5es sobre o setor.<\/p>\t\t\t\t<\/div>\n\t\t\t\t<\/div>\n\t\t\t\t<div class=\"elementor-element elementor-element-f74f887 elementor-widget elementor-widget-heading\" data-id=\"f74f887\" data-element_type=\"widget\" data-widget_type=\"heading.default\">\n\t\t\t\t<div class=\"elementor-widget-container\">\n\t\t\t\t\t<h2 class=\"elementor-heading-title elementor-size-default\">Fique informado com a Century<\/h2>\t\t\t\t<\/div>\n\t\t\t\t<\/div>\n\t\t\t\t<div class=\"elementor-element elementor-element-20d9fc6 elementor-grid-3 elementor-grid-tablet-2 elementor-grid-mobile-1 elementor-posts--thumbnail-top elementor-widget elementor-widget-posts\" data-id=\"20d9fc6\" data-element_type=\"widget\" data-settings=\"{&quot;classic_columns&quot;:&quot;3&quot;,&quot;classic_columns_tablet&quot;:&quot;2&quot;,&quot;classic_columns_mobile&quot;:&quot;1&quot;,&quot;classic_row_gap&quot;:{&quot;unit&quot;:&quot;px&quot;,&quot;size&quot;:35,&quot;sizes&quot;:[]},&quot;classic_row_gap_tablet&quot;:{&quot;unit&quot;:&quot;px&quot;,&quot;size&quot;:&quot;&quot;,&quot;sizes&quot;:[]},&quot;classic_row_gap_mobile&quot;:{&quot;unit&quot;:&quot;px&quot;,&quot;size&quot;:&quot;&quot;,&quot;sizes&quot;:[]}}\" data-widget_type=\"posts.classic\">\n\t\t\t\t<div class=\"elementor-widget-container\">\n\t\t\t\t\t\t\t<div class=\"elementor-posts-container elementor-posts elementor-posts--skin-classic elementor-grid\" role=\"list\">\n\t\t\t\t<article class=\"elementor-post elementor-grid-item post-828 post type-post status-publish format-standard has-post-thumbnail hentry category-uncategorized\" role=\"listitem\">\n\t\t\t\t<a class=\"elementor-post__thumbnail__link\" href=\"https:\/\/staging.artelima.com.br\/centuryrh\/2025\/12\/15\/avaliacao-por-competencias-ganha-forca-nas-empresas\/\" tabindex=\"-1\" >\n\t\t\t<div class=\"elementor-post__thumbnail\"><img decoding=\"async\" width=\"300\" height=\"200\" src=\"https:\/\/staging.artelima.com.br\/centuryrh\/wp-content\/uploads\/2025\/12\/NOVO-300x200.png\" class=\"attachment-medium size-medium wp-image-844\" alt=\"\" srcset=\"https:\/\/staging.artelima.com.br\/centuryrh\/wp-content\/uploads\/2025\/12\/NOVO-300x200.png 300w, https:\/\/staging.artelima.com.br\/centuryrh\/wp-content\/uploads\/2025\/12\/NOVO-1024x683.png 1024w, https:\/\/staging.artelima.com.br\/centuryrh\/wp-content\/uploads\/2025\/12\/NOVO-768x512.png 768w, https:\/\/staging.artelima.com.br\/centuryrh\/wp-content\/uploads\/2025\/12\/NOVO.png 1425w\" sizes=\"(max-width: 300px) 100vw, 300px\" \/><\/div>\n\t\t<\/a>\n\t\t\t\t<div class=\"elementor-post__text\">\n\t\t\t\t<h3 class=\"elementor-post__title\">\n\t\t\t<a href=\"https:\/\/staging.artelima.com.br\/centuryrh\/2025\/12\/15\/avaliacao-por-competencias-ganha-forca-nas-empresas\/\" >\n\t\t\t\tAvalia\u00e7\u00e3o por compet\u00eancias ganha for\u00e7a nas empresas\t\t\t<\/a>\n\t\t<\/h3>\n\t\t\t\t<div class=\"elementor-post__meta-data\">\n\t\t\t\t\t<span class=\"elementor-post-date\">\n\t\t\tdezembro 15, 2025\t\t<\/span>\n\t\t\t\t<\/div>\n\t\t\t\t<div class=\"elementor-post__excerpt\">\n\t\t\t<p>Cada vez mais organiza\u00e7\u00f5es est\u00e3o substituindo modelos tradicionais de avalia\u00e7\u00e3o por sistemas baseados em compet\u00eancias. Essa abordagem analisa habilidades t\u00e9cnicas, comportamentais e resultados, permitindo decis\u00f5es<\/p>\n\t\t<\/div>\n\t\t\t\t\t<div class=\"elementor-post__read-more-wrapper\">\n\t\t\n\t\t<a class=\"elementor-post__read-more\" href=\"https:\/\/staging.artelima.com.br\/centuryrh\/2025\/12\/15\/avaliacao-por-competencias-ganha-forca-nas-empresas\/\" aria-label=\"Leia mais sobre Avalia\u00e7\u00e3o por compet\u00eancias ganha for\u00e7a nas empresas\" tabindex=\"-1\" >\n\t\t\tLeia Mais \u00bb\t\t<\/a>\n\n\t\t\t\t\t<\/div>\n\t\t\t\t<\/div>\n\t\t\t\t<\/article>\n\t\t\t\t<article class=\"elementor-post elementor-grid-item post-829 post type-post status-publish format-standard has-post-thumbnail hentry category-uncategorized\" role=\"listitem\">\n\t\t\t\t<a class=\"elementor-post__thumbnail__link\" href=\"https:\/\/staging.artelima.com.br\/centuryrh\/2025\/12\/15\/lideranca-humanizada-se-torna-prioridade-no-rh\/\" tabindex=\"-1\" >\n\t\t\t<div class=\"elementor-post__thumbnail\"><img loading=\"lazy\" decoding=\"async\" width=\"300\" height=\"200\" src=\"https:\/\/staging.artelima.com.br\/centuryrh\/wp-content\/uploads\/2025\/12\/mulher-mostrando-um-documento-para-seus-colegas-de-trabalho-300x200.png\" class=\"attachment-medium size-medium wp-image-841\" alt=\"\" srcset=\"https:\/\/staging.artelima.com.br\/centuryrh\/wp-content\/uploads\/2025\/12\/mulher-mostrando-um-documento-para-seus-colegas-de-trabalho-300x200.png 300w, https:\/\/staging.artelima.com.br\/centuryrh\/wp-content\/uploads\/2025\/12\/mulher-mostrando-um-documento-para-seus-colegas-de-trabalho-1024x682.png 1024w, https:\/\/staging.artelima.com.br\/centuryrh\/wp-content\/uploads\/2025\/12\/mulher-mostrando-um-documento-para-seus-colegas-de-trabalho-768x512.png 768w, https:\/\/staging.artelima.com.br\/centuryrh\/wp-content\/uploads\/2025\/12\/mulher-mostrando-um-documento-para-seus-colegas-de-trabalho.png 1426w\" sizes=\"(max-width: 300px) 100vw, 300px\" \/><\/div>\n\t\t<\/a>\n\t\t\t\t<div class=\"elementor-post__text\">\n\t\t\t\t<h3 class=\"elementor-post__title\">\n\t\t\t<a href=\"https:\/\/staging.artelima.com.br\/centuryrh\/2025\/12\/15\/lideranca-humanizada-se-torna-prioridade-no-rh\/\" >\n\t\t\t\tLideran\u00e7a humanizada se torna prioridade no RH\t\t\t<\/a>\n\t\t<\/h3>\n\t\t\t\t<div class=\"elementor-post__meta-data\">\n\t\t\t\t\t<span class=\"elementor-post-date\">\n\t\t\tdezembro 15, 2025\t\t<\/span>\n\t\t\t\t<\/div>\n\t\t\t\t<div class=\"elementor-post__excerpt\">\n\t\t\t<p>O papel do l\u00edder vem sendo ressignificado dentro das organiza\u00e7\u00f5es. A lideran\u00e7a humanizada ganha espa\u00e7o ao priorizar empatia, comunica\u00e7\u00e3o clara e gest\u00e3o de pessoas baseada<\/p>\n\t\t<\/div>\n\t\t\t\t\t<div class=\"elementor-post__read-more-wrapper\">\n\t\t\n\t\t<a class=\"elementor-post__read-more\" href=\"https:\/\/staging.artelima.com.br\/centuryrh\/2025\/12\/15\/lideranca-humanizada-se-torna-prioridade-no-rh\/\" aria-label=\"Leia mais sobre Lideran\u00e7a humanizada se torna prioridade no RH\" tabindex=\"-1\" >\n\t\t\tLeia Mais \u00bb\t\t<\/a>\n\n\t\t\t\t\t<\/div>\n\t\t\t\t<\/div>\n\t\t\t\t<\/article>\n\t\t\t\t<article class=\"elementor-post elementor-grid-item post-827 post type-post status-publish format-standard has-post-thumbnail hentry category-uncategorized\" role=\"listitem\">\n\t\t\t\t<a class=\"elementor-post__thumbnail__link\" href=\"https:\/\/staging.artelima.com.br\/centuryrh\/2025\/12\/15\/empresas-investem-mais-em-saude-mental-no-trabalho\/\" tabindex=\"-1\" >\n\t\t\t<div class=\"elementor-post__thumbnail\"><img loading=\"lazy\" decoding=\"async\" width=\"300\" height=\"200\" src=\"https:\/\/staging.artelima.com.br\/centuryrh\/wp-content\/uploads\/2025\/12\/bann-300x200.png\" class=\"attachment-medium size-medium wp-image-807\" alt=\"\" srcset=\"https:\/\/staging.artelima.com.br\/centuryrh\/wp-content\/uploads\/2025\/12\/bann-300x200.png 300w, https:\/\/staging.artelima.com.br\/centuryrh\/wp-content\/uploads\/2025\/12\/bann-1024x683.png 1024w, https:\/\/staging.artelima.com.br\/centuryrh\/wp-content\/uploads\/2025\/12\/bann-768x512.png 768w, https:\/\/staging.artelima.com.br\/centuryrh\/wp-content\/uploads\/2025\/12\/bann-1536x1025.png 1536w, https:\/\/staging.artelima.com.br\/centuryrh\/wp-content\/uploads\/2025\/12\/bann.png 1950w\" sizes=\"(max-width: 300px) 100vw, 300px\" \/><\/div>\n\t\t<\/a>\n\t\t\t\t<div class=\"elementor-post__text\">\n\t\t\t\t<h3 class=\"elementor-post__title\">\n\t\t\t<a href=\"https:\/\/staging.artelima.com.br\/centuryrh\/2025\/12\/15\/empresas-investem-mais-em-saude-mental-no-trabalho\/\" >\n\t\t\t\tEmpresas investem mais em sa\u00fade mental no trabalho\t\t\t<\/a>\n\t\t<\/h3>\n\t\t\t\t<div class=\"elementor-post__meta-data\">\n\t\t\t\t\t<span class=\"elementor-post-date\">\n\t\t\tdezembro 15, 2025\t\t<\/span>\n\t\t\t\t<\/div>\n\t\t\t\t<div class=\"elementor-post__excerpt\">\n\t\t\t<p>A sa\u00fade mental passou a ser prioridade nas estrat\u00e9gias de gest\u00e3o de pessoas. Empresas est\u00e3o ampliando programas de bem-estar, oferecendo apoio psicol\u00f3gico, a\u00e7\u00f5es preventivas contra<\/p>\n\t\t<\/div>\n\t\t\t\t\t<div class=\"elementor-post__read-more-wrapper\">\n\t\t\n\t\t<a class=\"elementor-post__read-more\" href=\"https:\/\/staging.artelima.com.br\/centuryrh\/2025\/12\/15\/empresas-investem-mais-em-saude-mental-no-trabalho\/\" aria-label=\"Leia mais sobre Empresas investem mais em sa\u00fade mental no trabalho\" tabindex=\"-1\" >\n\t\t\tLeia Mais \u00bb\t\t<\/a>\n\n\t\t\t\t\t<\/div>\n\t\t\t\t<\/div>\n\t\t\t\t<\/article>\n\t\t\t\t<\/div>\n\t\t\n\t\t\t\t\t\t<\/div>\n\t\t\t\t<\/div>\n\t\t\t\t\t<\/div>\n\t\t<\/div>\n\t\t\t\t\t<\/div>\n\t\t<\/section>\n\t\t\t\t<\/div>\n\t\t","protected":false},"excerpt":{"rendered":"<p>Solu\u00e7\u00f5es Solu\u00e7\u00e3o Desenvolvemos e aplicamos modelos de avalia\u00e7\u00e3o que mensuram resultados, compet\u00eancias e comportamentos de forma clara e objetiva. Essa an\u00e1lise permite apoiar decis\u00f5es estrat\u00e9gicas, identificar oportunidades de desenvolvimento e fortalecer a gest\u00e3o de pessoas com foco em performance e crescimento cont\u00ednuo. Entrar em contato Not\u00edcias e informa\u00e7\u00f5es sobre o setor. Fique informado com a [&hellip;]<\/p>\n","protected":false},"author":1,"featured_media":0,"parent":0,"menu_order":0,"comment_status":"closed","ping_status":"closed","template":"elementor_header_footer","meta":{"footnotes":""},"class_list":["post-977","page","type-page","status-publish","hentry"],"_links":{"self":[{"href":"https:\/\/staging.artelima.com.br\/centuryrh\/wp-json\/wp\/v2\/pages\/977","targetHints":{"allow":["GET"]}}],"collection":[{"href":"https:\/\/staging.artelima.com.br\/centuryrh\/wp-json\/wp\/v2\/pages"}],"about":[{"href":"https:\/\/staging.artelima.com.br\/centuryrh\/wp-json\/wp\/v2\/types\/page"}],"author":[{"embeddable":true,"href":"https:\/\/staging.artelima.com.br\/centuryrh\/wp-json\/wp\/v2\/users\/1"}],"replies":[{"embeddable":true,"href":"https:\/\/staging.artelima.com.br\/centuryrh\/wp-json\/wp\/v2\/comments?post=977"}],"version-history":[{"count":13,"href":"https:\/\/staging.artelima.com.br\/centuryrh\/wp-json\/wp\/v2\/pages\/977\/revisions"}],"predecessor-version":[{"id":1082,"href":"https:\/\/staging.artelima.com.br\/centuryrh\/wp-json\/wp\/v2\/pages\/977\/revisions\/1082"}],"wp:attachment":[{"href":"https:\/\/staging.artelima.com.br\/centuryrh\/wp-json\/wp\/v2\/media?parent=977"}],"curies":[{"name":"wp","href":"https:\/\/api.w.org\/{rel}","templated":true}]}}